{"id":934,"date":"2016-10-13T11:42:15","date_gmt":"2016-10-13T09:42:15","guid":{"rendered":"https:\/\/www.aveedo.com.w0151ebe.kasserver.com\/?page_id=934"},"modified":"2019-05-12T01:06:05","modified_gmt":"2019-05-11T23:06:05","slug":"email-eintragung-offen","status":"publish","type":"page","link":"https:\/\/aveedo.com\/de\/email-eintragung-offen\/","title":{"rendered":"Email Eintragung Best\u00e4tigung ausstehend"},"content":{"rendered":"\n<style type=\"text\/css\" data-created_by=\"avia_inline_auto\" id=\"style-css-av-av_section-e142f58f52c162eca9f4cbf82fcf1311\">\n.avia-section.av-av_section-e142f58f52c162eca9f4cbf82fcf1311{\nbackground-color:#f5f5f5;\nbackground-image:unset;\n}\n<\/style>\n<div id='av_section_1'  class='avia-section av-av_section-e142f58f52c162eca9f4cbf82fcf1311 main_color avia-section-default avia-no-border-styling  avia-builder-el-0  el_before_av_section  avia-builder-el-first  avia-bg-style-scroll av-minimum-height av-minimum-height-50 av-height-50  container_wrap fullsize'   data-av_minimum_height_pc='50' data-av_min_height_opt='50'><div class='container av-section-cont-open' ><main  role=\"main\" itemprop=\"mainContentOfPage\"  class='template-page content  av-content-full alpha units'><div class='post-entry post-entry-type-page post-entry-934'><div class='entry-content-wrapper clearfix'>\n\n<style type=\"text\/css\" data-created_by=\"avia_inline_auto\" id=\"style-css-av-av_one_fourth-6126cab7d8fab8d08143dd2dacdf673c\">\n.flex_column.av-av_one_fourth-6126cab7d8fab8d08143dd2dacdf673c{\nborder-radius:0px 0px 0px 0px;\npadding:0px 0px 0px 0px;\n}\n<\/style>\n<div  class='flex_column av-av_one_fourth-6126cab7d8fab8d08143dd2dacdf673c av_one_fourth  avia-builder-el-1  el_before_av_one_half  avia-builder-el-first  first flex_column_div av-zero-column-padding  '     ><\/div>\n<style type=\"text\/css\" data-created_by=\"avia_inline_auto\" id=\"style-css-av-av_one_half-2f96159840560a4e5fe83b33d8bd2768\">\n.flex_column.av-av_one_half-2f96159840560a4e5fe83b33d8bd2768{\nborder-width:12px;\nborder-color:#2b2b2b;\nborder-style:solid;\nborder-radius:3px 3px 3px 3px;\npadding:30px 30px 10px 30px;\nbackground-color:#2b2b2b;\n}\n<\/style>\n<div  class='flex_column av-av_one_half-2f96159840560a4e5fe83b33d8bd2768 av_one_half  avia-builder-el-2  el_after_av_one_fourth  el_before_av_one_fourth  flex_column_div  '     ><p>\n<style type=\"text\/css\" data-created_by=\"avia_inline_auto\" id=\"style-css-av-av_hr-78ec26b004535f95b26085cbb1d9b6be\">\n#top .hr.hr-invisible.av-av_hr-78ec26b004535f95b26085cbb1d9b6be{\nheight:5px;\n}\n<\/style>\n<div  class='hr av-av_hr-78ec26b004535f95b26085cbb1d9b6be hr-invisible  avia-builder-el-3  el_before_av_font_icon  avia-builder-el-first '><span class='hr-inner '><span class=\"hr-inner-style\"><\/span><\/span><\/div><br \/>\n\n<style type=\"text\/css\" data-created_by=\"avia_inline_auto\" id=\"style-css-av-av_font_icon-e6ab945295e3a20edbe3485091a73acd\">\n.av_font_icon.av-av_font_icon-e6ab945295e3a20edbe3485091a73acd{\ncolor:#ffffff;\nborder-color:#ffffff;\n}\n.avia-svg-icon.av-av_font_icon-e6ab945295e3a20edbe3485091a73acd svg:first-child{\nstroke:#ffffff;\nfill:#ffffff;\n}\n.av_font_icon.av-av_font_icon-e6ab945295e3a20edbe3485091a73acd .av-icon-char{\nfont-size:40px;\nline-height:40px;\n}\n<\/style>\n<span  class='av_font_icon av-av_font_icon-e6ab945295e3a20edbe3485091a73acd avia_animate_when_visible av-icon-style- avia-icon-pos-center avia-iconfont avia-font-entypo-fontello avia-icon-animate'><span class='av-icon-char' data-av_icon='\ue8b7' data-av_iconfont='entypo-fontello' aria-hidden=\"true\" ><\/span><\/span><br \/>\n\n<style type=\"text\/css\" data-created_by=\"avia_inline_auto\" id=\"style-css-av-av_hr-5ea7596238ed9f191e6b5e662093052f\">\n#top .hr.hr-invisible.av-av_hr-5ea7596238ed9f191e6b5e662093052f{\nheight:30px;\n}\n<\/style>\n<div  class='hr av-av_hr-5ea7596238ed9f191e6b5e662093052f hr-invisible  avia-builder-el-5  el_after_av_font_icon  el_before_av_textblock '><span class='hr-inner '><span class=\"hr-inner-style\"><\/span><\/span><\/div><br \/>\n\n<style type=\"text\/css\" data-created_by=\"avia_inline_auto\" id=\"style-css-av-av_textblock-0495ba487d93331d0a255e1072a23468\">\n#top .av_textblock_section.av-av_textblock-0495ba487d93331d0a255e1072a23468 .avia_textblock{\ncolor:#ffffff;\n}\n<\/style>\n<section  class='av_textblock_section av-av_textblock-0495ba487d93331d0a255e1072a23468 '   itemscope=\"itemscope\" itemtype=\"https:\/\/schema.org\/CreativeWork\" ><div class='avia_textblock av_inherit_color'  itemprop=\"text\" ><h2 style=\"text-align: center;\">FAST FERTIG &#8230;<\/h2>\n<\/div><\/section><br \/>\n\n<style type=\"text\/css\" data-created_by=\"avia_inline_auto\" id=\"style-css-av-av_hr-78ec26b004535f95b26085cbb1d9b6be\">\n#top .hr.hr-invisible.av-av_hr-78ec26b004535f95b26085cbb1d9b6be{\nheight:5px;\n}\n<\/style>\n<div  class='hr av-av_hr-78ec26b004535f95b26085cbb1d9b6be hr-invisible  avia-builder-el-7  el_after_av_textblock  el_before_av_textblock '><span class='hr-inner '><span class=\"hr-inner-style\"><\/span><\/span><\/div><br \/>\n\n<style type=\"text\/css\" data-created_by=\"avia_inline_auto\" id=\"style-css-av-av_textblock-0495ba487d93331d0a255e1072a23468\">\n#top .av_textblock_section.av-av_textblock-0495ba487d93331d0a255e1072a23468 .avia_textblock{\ncolor:#ffffff;\n}\n<\/style>\n<section  class='av_textblock_section av-av_textblock-0495ba487d93331d0a255e1072a23468 '   itemscope=\"itemscope\" itemtype=\"https:\/\/schema.org\/CreativeWork\" ><div class='avia_textblock av_inherit_color'  itemprop=\"text\" ><p style=\"text-align: center;\">Wir haben Ihnen eine Email an die von Ihnen angegebene Adresse geschickt. Bitte best\u00e4tigen Sie Ihre Anmeldung \u00fcber den darin enthaltenen Button.<\/p>\n<\/div><\/section><br \/>\n\n<style type=\"text\/css\" data-created_by=\"avia_inline_auto\" id=\"style-css-av-av_hr-d2931994f6cdc4dd33a54781be8314b6\">\n#top .hr.av-av_hr-d2931994f6cdc4dd33a54781be8314b6{\nmargin-top:20px;\nmargin-bottom:20px;\n}\n.hr.av-av_hr-d2931994f6cdc4dd33a54781be8314b6 .hr-inner{\nwidth:10%;\nborder-color:#ffffff;\n}\n<\/style>\n<div  class='hr av-av_hr-d2931994f6cdc4dd33a54781be8314b6 hr-custom  avia-builder-el-9  el_after_av_textblock  el_before_av_textblock  hr-center hr-icon-no'><span class='hr-inner inner-border-av-border-thin'><span class=\"hr-inner-style\"><\/span><\/span><\/div><br \/>\n\n<style type=\"text\/css\" data-created_by=\"avia_inline_auto\" id=\"style-css-av-av_textblock-cdb269b3196116095119cd7d3dd93563\">\n#top .av_textblock_section.av-av_textblock-cdb269b3196116095119cd7d3dd93563 .avia_textblock{\nfont-size:12px;\ncolor:#ffffff;\n}\n<\/style>\n<section  class='av_textblock_section av-av_textblock-cdb269b3196116095119cd7d3dd93563 '   itemscope=\"itemscope\" itemtype=\"https:\/\/schema.org\/CreativeWork\" ><div class='avia_textblock av_inherit_color'  itemprop=\"text\" ><p style=\"text-align: center;\">Hinweis: Da die Opt-In Email einen Link zur Best\u00e4tigung Ihrer Eintragung erh\u00e4lt, erkennen manche Email-Clients diese als Spam. Bitte pr\u00fcfen Sie daher unbedingt auch Ihren Spam-Ordner.<\/p>\n<\/div><\/section><br \/>\n\n<style type=\"text\/css\" data-created_by=\"avia_inline_auto\" id=\"style-css-av-av_hr-0a54b32cc013c0d98bde538fa98f23b5\">\n#top .hr.hr-invisible.av-av_hr-0a54b32cc013c0d98bde538fa98f23b5{\nheight:20px;\n}\n<\/style>\n<div  class='hr av-av_hr-0a54b32cc013c0d98bde538fa98f23b5 hr-invisible  avia-builder-el-11  el_after_av_textblock  avia-builder-el-last '><span class='hr-inner '><span class=\"hr-inner-style\"><\/span><\/span><\/div><\/p><\/div>\n<style type=\"text\/css\" data-created_by=\"avia_inline_auto\" id=\"style-css-av-av_one_fourth-0aa7055fe62c3622faec82866afbaeb2\">\n.flex_column.av-av_one_fourth-0aa7055fe62c3622faec82866afbaeb2{\nborder-radius:0px 0px 0px 0px;\npadding:0px 0px 0px 0px;\n}\n<\/style>\n<div  class='flex_column av-av_one_fourth-0aa7055fe62c3622faec82866afbaeb2 av_one_fourth  avia-builder-el-12  el_after_av_one_half  avia-builder-el-last  flex_column_div av-zero-column-padding  '     ><\/div><\/div><\/div><\/main><!-- close content main element --><\/div><\/div>\n<style type=\"text\/css\" data-created_by=\"avia_inline_auto\" id=\"style-css-av-av_section-d252d8becf7d4ea90b589f2a6282f8e8\">\n.avia-section.av-av_section-d252d8becf7d4ea90b589f2a6282f8e8{\nbackground-repeat:no-repeat;\nbackground-image:url(https:\/\/aveedo.com\/wp-content\/uploads\/2016\/10\/aveedo-kontakt.jpg);\nbackground-position:50% 50%;\nbackground-attachment:scroll;\n}\n.avia-section.av-av_section-d252d8becf7d4ea90b589f2a6282f8e8 .av-section-color-overlay{\nopacity:0.8;\nbackground-color:#f5f5f5;\n}\n<\/style>\n<div id='av_section_2'  class='avia-section av-av_section-d252d8becf7d4ea90b589f2a6282f8e8 main_color avia-section-default avia-no-border-styling  avia-builder-el-13  el_after_av_section  avia-builder-el-last  avia-full-stretch avia-bg-style-scroll av-section-color-overlay-active av-minimum-height av-minimum-height-25 av-height-25  container_wrap fullsize'  data-section-bg-repeat='stretch' data-av_minimum_height_pc='25' data-av_min_height_opt='25'><div class=\"av-section-color-overlay-wrap\"><div class=\"av-section-color-overlay\"><\/div><div class='container av-section-cont-open' ><div class='template-page content  av-content-full alpha units'><div class='post-entry post-entry-type-page post-entry-934'><div class='entry-content-wrapper clearfix'>\n\n<style type=\"text\/css\" data-created_by=\"avia_inline_auto\" id=\"style-css-av-av_one_fifth-6126cab7d8fab8d08143dd2dacdf673c\">\n.flex_column.av-av_one_fifth-6126cab7d8fab8d08143dd2dacdf673c{\nborder-radius:0px 0px 0px 0px;\npadding:0px 0px 0px 0px;\n}\n<\/style>\n<div  class='flex_column av-av_one_fifth-6126cab7d8fab8d08143dd2dacdf673c av_one_fifth  avia-builder-el-14  el_before_av_three_fifth  avia-builder-el-first  first flex_column_div av-zero-column-padding  '     ><\/div>\n<style type=\"text\/css\" data-created_by=\"avia_inline_auto\" id=\"style-css-av-av_three_fifth-0aa7055fe62c3622faec82866afbaeb2\">\n.flex_column.av-av_three_fifth-0aa7055fe62c3622faec82866afbaeb2{\nborder-radius:0px 0px 0px 0px;\npadding:0px 0px 0px 0px;\n}\n<\/style>\n<div  class='flex_column av-av_three_fifth-0aa7055fe62c3622faec82866afbaeb2 av_three_fifth  avia-builder-el-15  el_after_av_one_fifth  el_before_av_one_fifth  flex_column_div av-zero-column-padding  '     ><section  class='av_textblock_section av-av_textblock-e264c9546442b10f00949307f5dd61ff '   itemscope=\"itemscope\" itemtype=\"https:\/\/schema.org\/CreativeWork\" ><div class='avia_textblock'  itemprop=\"text\" ><h2 style=\"text-align: center;\">KONTAKTIEREN SIE UNS F\u00dcR WEITERE INFORMATIONEN<\/h2>\n<\/div><\/section><br \/>\n\n<style type=\"text\/css\" data-created_by=\"avia_inline_auto\" id=\"style-css-av-av_hr-bd84104f09c397338597807ab31c6aca\">\n#top .hr.hr-invisible.av-av_hr-bd84104f09c397338597807ab31c6aca{\nheight:15px;\n}\n<\/style>\n<div  class='hr av-av_hr-bd84104f09c397338597807ab31c6aca hr-invisible  avia-builder-el-17  el_after_av_textblock  el_before_av_button '><span class='hr-inner '><span class=\"hr-inner-style\"><\/span><\/span><\/div><br \/>\n<div  class='avia-button-wrap av-av_button-332a538115b153d1051bdb200e979b17-wrap avia-button-center  avia-builder-el-18  el_after_av_hr  avia-builder-el-last '><a href='https:\/\/aveedo.com\/de\/kontakt\/'  class='avia-button av-av_button-332a538115b153d1051bdb200e979b17 av-link-btn avia-icon_select-no avia-size-large avia-position-center avia-color-dark'  target=\"_blank\"  rel=\"noopener noreferrer\"  aria-label=\"KONTAKT\"><span class='avia_iconbox_title' >KONTAKT<\/span><\/a><\/div><\/p><\/div>\n<style type=\"text\/css\" data-created_by=\"avia_inline_auto\" id=\"style-css-av-av_one_fifth-0aa7055fe62c3622faec82866afbaeb2\">\n.flex_column.av-av_one_fifth-0aa7055fe62c3622faec82866afbaeb2{\nborder-radius:0px 0px 0px 0px;\npadding:0px 0px 0px 0px;\n}\n<\/style>\n<div  class='flex_column av-av_one_fifth-0aa7055fe62c3622faec82866afbaeb2 av_one_fifth  avia-builder-el-19  el_after_av_three_fifth  avia-builder-el-last  flex_column_div av-zero-column-padding  '     ><\/div>\n<\/p>\n","protected":false},"excerpt":{"rendered":"","protected":false},"author":34,"featured_media":0,"parent":0,"menu_order":0,"comment_status":"closed","ping_status":"closed","template":"","meta":{"inline_featured_image":false,"footnotes":""},"class_list":["post-934","page","type-page","status-publish","hentry"],"yoast_head":"<!-- This site is optimized with the Yoast SEO plugin v27.4 - https:\/\/yoast.com\/product\/yoast-seo-wordpress\/ -->\n<title>Email Eintragung Best\u00e4tigung ausstehend - Aveedo.com<\/title>\n<meta name=\"robots\" content=\"index, follow, max-snippet:-1, max-image-preview:large, max-video-preview:-1\" \/>\n<link rel=\"canonical\" href=\"https:\/\/aveedo.com\/de\/email-eintragung-offen\/\" \/>\n<meta property=\"og:locale\" content=\"de_DE\" \/>\n<meta property=\"og:type\" content=\"article\" \/>\n<meta property=\"og:title\" content=\"Email Eintragung Best\u00e4tigung ausstehend - Aveedo.com\" \/>\n<meta property=\"og:url\" content=\"https:\/\/aveedo.com\/de\/email-eintragung-offen\/\" \/>\n<meta property=\"og:site_name\" content=\"Aveedo.com\" \/>\n<meta property=\"article:modified_time\" content=\"2019-05-11T23:06:05+00:00\" \/>\n<meta name=\"twitter:card\" content=\"summary_large_image\" \/>\n<meta name=\"twitter:label1\" content=\"Gesch\u00e4tzte Lesezeit\" \/>\n\t<meta name=\"twitter:data1\" content=\"5\u00a0Minuten\" \/>\n<script type=\"application\/ld+json\" class=\"yoast-schema-graph\">{\"@context\":\"https:\\\/\\\/schema.org\",\"@graph\":[{\"@type\":\"WebPage\",\"@id\":\"https:\\\/\\\/aveedo.com\\\/de\\\/email-eintragung-offen\\\/\",\"url\":\"https:\\\/\\\/aveedo.com\\\/de\\\/email-eintragung-offen\\\/\",\"name\":\"Email Eintragung Best\u00e4tigung ausstehend - Aveedo.com\",\"isPartOf\":{\"@id\":\"https:\\\/\\\/aveedo.com\\\/de\\\/#website\"},\"datePublished\":\"2016-10-13T09:42:15+00:00\",\"dateModified\":\"2019-05-11T23:06:05+00:00\",\"breadcrumb\":{\"@id\":\"https:\\\/\\\/aveedo.com\\\/de\\\/email-eintragung-offen\\\/#breadcrumb\"},\"inLanguage\":\"de\",\"potentialAction\":[{\"@type\":\"ReadAction\",\"target\":[\"https:\\\/\\\/aveedo.com\\\/de\\\/email-eintragung-offen\\\/\"]}]},{\"@type\":\"BreadcrumbList\",\"@id\":\"https:\\\/\\\/aveedo.com\\\/de\\\/email-eintragung-offen\\\/#breadcrumb\",\"itemListElement\":[{\"@type\":\"ListItem\",\"position\":1,\"name\":\"Startseite\",\"item\":\"https:\\\/\\\/aveedo.com\\\/de\\\/\"},{\"@type\":\"ListItem\",\"position\":2,\"name\":\"Email Eintragung Best\u00e4tigung ausstehend\"}]},{\"@type\":\"WebSite\",\"@id\":\"https:\\\/\\\/aveedo.com\\\/de\\\/#website\",\"url\":\"https:\\\/\\\/aveedo.com\\\/de\\\/\",\"name\":\"Aveedo.com\",\"description\":\"\",\"potentialAction\":[{\"@type\":\"SearchAction\",\"target\":{\"@type\":\"EntryPoint\",\"urlTemplate\":\"https:\\\/\\\/aveedo.com\\\/de\\\/?s={search_term_string}\"},\"query-input\":{\"@type\":\"PropertyValueSpecification\",\"valueRequired\":true,\"valueName\":\"search_term_string\"}}],\"inLanguage\":\"de\"}]}<\/script>\n<!-- \/ Yoast SEO plugin. -->","yoast_head_json":{"title":"Email Eintragung Best\u00e4tigung ausstehend - Aveedo.com","robots":{"index":"index","follow":"follow","max-snippet":"max-snippet:-1","max-image-preview":"max-image-preview:large","max-video-preview":"max-video-preview:-1"},"canonical":"https:\/\/aveedo.com\/de\/email-eintragung-offen\/","og_locale":"de_DE","og_type":"article","og_title":"Email Eintragung Best\u00e4tigung ausstehend - Aveedo.com","og_url":"https:\/\/aveedo.com\/de\/email-eintragung-offen\/","og_site_name":"Aveedo.com","article_modified_time":"2019-05-11T23:06:05+00:00","twitter_card":"summary_large_image","twitter_misc":{"Gesch\u00e4tzte Lesezeit":"5\u00a0Minuten"},"schema":{"@context":"https:\/\/schema.org","@graph":[{"@type":"WebPage","@id":"https:\/\/aveedo.com\/de\/email-eintragung-offen\/","url":"https:\/\/aveedo.com\/de\/email-eintragung-offen\/","name":"Email Eintragung Best\u00e4tigung ausstehend - Aveedo.com","isPartOf":{"@id":"https:\/\/aveedo.com\/de\/#website"},"datePublished":"2016-10-13T09:42:15+00:00","dateModified":"2019-05-11T23:06:05+00:00","breadcrumb":{"@id":"https:\/\/aveedo.com\/de\/email-eintragung-offen\/#breadcrumb"},"inLanguage":"de","potentialAction":[{"@type":"ReadAction","target":["https:\/\/aveedo.com\/de\/email-eintragung-offen\/"]}]},{"@type":"BreadcrumbList","@id":"https:\/\/aveedo.com\/de\/email-eintragung-offen\/#breadcrumb","itemListElement":[{"@type":"ListItem","position":1,"name":"Startseite","item":"https:\/\/aveedo.com\/de\/"},{"@type":"ListItem","position":2,"name":"Email Eintragung Best\u00e4tigung ausstehend"}]},{"@type":"WebSite","@id":"https:\/\/aveedo.com\/de\/#website","url":"https:\/\/aveedo.com\/de\/","name":"Aveedo.com","description":"","potentialAction":[{"@type":"SearchAction","target":{"@type":"EntryPoint","urlTemplate":"https:\/\/aveedo.com\/de\/?s={search_term_string}"},"query-input":{"@type":"PropertyValueSpecification","valueRequired":true,"valueName":"search_term_string"}}],"inLanguage":"de"}]}},"_links":{"self":[{"href":"https:\/\/aveedo.com\/de\/wp-json\/wp\/v2\/pages\/934","targetHints":{"allow":["GET"]}}],"collection":[{"href":"https:\/\/aveedo.com\/de\/wp-json\/wp\/v2\/pages"}],"about":[{"href":"https:\/\/aveedo.com\/de\/wp-json\/wp\/v2\/types\/page"}],"author":[{"embeddable":true,"href":"https:\/\/aveedo.com\/de\/wp-json\/wp\/v2\/users\/34"}],"replies":[{"embeddable":true,"href":"https:\/\/aveedo.com\/de\/wp-json\/wp\/v2\/comments?post=934"}],"version-history":[{"count":4,"href":"https:\/\/aveedo.com\/de\/wp-json\/wp\/v2\/pages\/934\/revisions"}],"predecessor-version":[{"id":6058,"href":"https:\/\/aveedo.com\/de\/wp-json\/wp\/v2\/pages\/934\/revisions\/6058"}],"wp:attachment":[{"href":"https:\/\/aveedo.com\/de\/wp-json\/wp\/v2\/media?parent=934"}],"curies":[{"name":"wp","href":"https:\/\/api.w.org\/{rel}","templated":true}]}}