{"id":4760,"date":"2018-04-20T16:47:38","date_gmt":"2018-04-20T14:47:38","guid":{"rendered":"https:\/\/www.aveedo.com\/?page_id=4760"},"modified":"2019-09-19T09:31:08","modified_gmt":"2019-09-19T07:31:08","slug":"datenschutz","status":"publish","type":"page","link":"https:\/\/aveedo.com\/de\/datenschutz\/","title":{"rendered":"Datenschutzerkl\u00e4rung"},"content":{"rendered":"<div id='av_section_1'  class='avia-section av-7x5g54-8724cac3c3251843878ae60be0c607f7 main_color avia-section-default avia-no-border-styling  avia-builder-el-0  avia-builder-el-no-sibling  avia-bg-style-scroll av-minimum-height av-minimum-height-100 av-height-100  container_wrap fullsize'   data-av_minimum_height_pc='100' data-av_min_height_opt='100'><div class='container av-section-cont-open' ><main  role=\"main\" itemprop=\"mainContentOfPage\"  class='template-page content  av-content-full alpha units'><div class='post-entry post-entry-type-page post-entry-4760'><div class='entry-content-wrapper clearfix'>\n\n<style type=\"text\/css\" data-created_by=\"avia_inline_auto\" id=\"style-css-av-6jxjk8-2c1be76225ebf66f7cf0bd754fda06f2\">\n.flex_column.av-6jxjk8-2c1be76225ebf66f7cf0bd754fda06f2{\nborder-width:12px;\nborder-color:#ffffff;\nborder-style:solid;\nborder-radius:3px 3px 3px 3px;\npadding:30px 30px 10px 30px;\nbackground-color:#ffffff;\n}\n<\/style>\n<div  class='flex_column av-6jxjk8-2c1be76225ebf66f7cf0bd754fda06f2 av_one_full  avia-builder-el-1  avia-builder-el-no-sibling  first flex_column_div  '     ><section  class='av_textblock_section av-h98s8-0c5549a62377d4ef9f5c9c9653335286 '   itemscope=\"itemscope\" itemtype=\"https:\/\/schema.org\/CreativeWork\" ><div class='avia_textblock'  itemprop=\"text\" ><h1 style=\"text-align: left;\">Datenschutz<\/h1>\n<\/div><\/section><br \/>\n<section  class='av_textblock_section av-3523qg-e0f7374b662f6f0ead2db974f5246f32 '   itemscope=\"itemscope\" itemtype=\"https:\/\/schema.org\/CreativeWork\" ><div class='avia_textblock'  itemprop=\"text\" ><p>Vielen Dank f\u00fcr Ihr Interesse an unserer Website. Wir versichern, dass wir den Schutz Ihrer pers\u00f6nlichen Daten sehr ernst nehmen.<\/p>\n<p>Sehr geehrte Nutzer\/innen,<\/p>\n<p>wir freuen uns \u00fcber Ihren Besuch auf unseren Webseiten. Wir m\u00f6chten, dass Sie sich hierbei sicher und wohl f\u00fchlen. Die folgenden Datenschutzbestimmungen sind daf\u00fcr gedacht, Sie \u00fcber unsere Handhabung der Erhebung, Verwendung und Weitergabe von pers\u00f6nlichen Daten zu informieren.<\/p>\n<h2><strong>Genereller Umgang mit Ihren pers\u00f6nlichen Daten<\/strong><\/h2>\n<p>Der Schutz Ihrer Privatsph\u00e4re ist uns sehr wichtig. Daher haben wir unser Internet-Angebot grunds\u00e4tzlich so gestaltet, dass dessen Nutzung anonym erfolgen kann. Wir verwenden Informationen, die wir w\u00e4hrend Ihres Besuches unserer Webseiten erhalten und speichern ausschlie\u00dflich f\u00fcr interne Zwecke und zur Verbesserung der Gestaltung der Webseiten. Eine Ausnahme gilt, wenn dies zur Abwehr gegen Angriffe erforderlich ist, die Straftatbest\u00e4nde darstellen oder die Funktionsf\u00e4higkeit unseres Webangebotes beeintr\u00e4chtigen. Hierf\u00fcr erfassen wir z.B. auch die IP-Adresse Ihres Rechners, die allerdings anonymisiert ausgewertet wird. Daten \u00fcber Personen oder ihr Individualverhalten werden nicht gesammelt.<\/p>\n<h2><strong>Nutzungsdaten<\/strong><\/h2>\n<p>Wenn Sie unsere Webseiten besuchen, werden auf unserem Webserver tempor\u00e4r sogenannte Nutzungsdaten als Protokoll gespeichert. Dies sind z.B. die IP-Adresse Ihres Rechners, Datum und Uhrzeit des Zugriffs, Ausgangswebseite, aufgerufene URL, \u00fcbertragene Datenmenge, Statusmeldungen, verwendeter Browser und Betriebssystem.<\/p>\n<p>Wir verwenden diese Informationen, um den Aufruf unserer Webseite zu erm\u00f6glichen, zur Kontrolle und Administration unserer Systeme sowie zur Verbesserung der Gestaltung der Webseiten. Bei Angriffen gegen unsere Webseiten und Systeme, die Straftatbest\u00e4nde darstellen oder die Funktionsf\u00e4higkeit unseres Webangebotes verhindern oder beeintr\u00e4chtigen, werten wir diese Daten aus, um Gegenma\u00dfnahmen einzuleiten. Die IP-Adresse wird ausschlie\u00dflich anonymisiert ausgewertet. Daten \u00fcber Personen oder ihr Individualverhalten werden hierbei nicht gesammelt.<\/p>\n<h2><strong>Cookies<\/strong><\/h2>\n<p>Cookies sind kleine Dateien, die auf der Festplatte eines Besuchers abgelegt werden. Sie erlauben es, Informationen \u00fcber einen bestimmten Zeitraum vorzuhalten und den Rechner des Besuchers zu identifizieren. Zur besseren Benutzerf\u00fchrung und individuellen Leistungsdarstellung setzen wir permanente Cookies ein. Ferner verwenden wir sog. Session-Cookies, die automatisch gel\u00f6scht werden, wenn Sie Ihren Browser schlie\u00dfen.<\/p>\n<p>Sie k\u00f6nnen Ihren Browser so einstellen, dass er Sie \u00fcber die Platzierung von Cookies informiert. So wird der Gebrauch von Cookies f\u00fcr Sie transparent. Bitte beachten Sie, dass bei einer Deaktivierung von Cookies bestimmte Webfunktionen dann technisch leider nicht zur Verf\u00fcgung stehen k\u00f6nnen.<\/p>\n<h2><strong>Google Analytics<\/strong><\/h2>\n<p>Zur bedarfsgerechten Gestaltung unserer Website erstellen wir pseudonyme Nutzungsprofile mit Hilfe von Google Analytics. Google Analytics verwendet sog. &#8222;Cookies&#8220;, also Textdateien, die auf Ihrem Computer gespeichert werden und die eine Analyse der Benutzung der Website durch Sie erm\u00f6glichen.<\/p>\n<p>Die durch den Cookie erzeugten Informationen \u00fcber Ihre Benutzung dieser Website werden in der Regel an einen Server von Google in den USA \u00fcbertragen und dort gespeichert. Da wir die IP-Anonymisierung auf dieser Seite aktiviert haben, wird Ihre IP-Adresse von Google jedoch zuvor innerhalb von Mitgliedstaaten der Europ\u00e4ischen Union oder in anderen Vertragsstaaten des Abkommens \u00fcber den Europ\u00e4ischen Wirtschaftsraum gek\u00fcrzt. Nur in Ausnahmef\u00e4llen wird die volle IP-Adresse an einen Server von Google in den USA \u00fcbertragen und erst dort gek\u00fcrzt. Google wird diese Informationen benutzen, um Ihre Nutzung der Website f\u00fcr uns auszuwerten, um Reports \u00fcber die Websiteaktivit\u00e4ten zusammenzustellen und um weitere mit der Websitenutzung und der Internetnutzung verbundene Dienstleistungen gegen\u00fcber uns zu erbringen.<\/p>\n<p>Sie k\u00f6nnen der Erstellung der pseudonymen Nutzungsprofile jederzeit widersprechen. Hierzu gibt es mehrere M\u00f6glichkeiten:<\/p>\n<p>1.) Sie k\u00f6nnen die Erfassung Ihrer Daten durch Google Analytics verhindern:\u00a0<div data-disabled_by_browser=\"Bitte aktiviere diese Funktion in Ihren Browsereinstellungen und lade die Seite neu.\" class=\"av-switch-aviaPrivacyGoogleTrackingDisabled av-toggle-switch av-cookie-disable-external-toggle av-cookie-save-unchecked av-cookie-default-checked\"><label><input type=\"checkbox\" checked=\"checked\" id=\"aviaPrivacyGoogleTrackingDisabled\" class=\"aviaPrivacyGoogleTrackingDisabled \" name=\"aviaPrivacyGoogleTrackingDisabled\" ><span class=\"toggle-track\"><\/span><span class=\"toggle-label-content\">Hier klicken, um Google Analytics zu aktivieren\/deaktivieren.<\/span><\/label><\/div><\/p>\n<p>2.) Sie k\u00f6nnen die Speicherung der f\u00fcr die Profilbildung verwendeten Cookies auch durch eine entsprechende Einstellung Ihrer Browser-Software verhindern.<\/p>\n<p>3.) Je nach dem von Ihnen verwendeten Browser, haben Sie die M\u00f6glichkeit, ein Browser-Plugin zu installieren, welches das Tracking verhindert. Dazu klicken Sie bitte <a href=\"https:\/\/tools.google.com\/dlpage\/gaoptout?hl=de\">hier<\/a> und installieren das dort abrufbare Browser-Plugin.<\/p>\n<h2><strong>Pers\u00f6nliche Angaben<\/strong><\/h2>\n<p>Angaben, die Sie uns im Rahmen der Kontaktaufnahme \u00fcberlassen, verwenden wir ausschlie\u00dflich zur Bearbeitung Ihrer Anfrage. Ihre Daten werden nicht an Dritte weitergegeben.<\/p>\n<h2>Recht auf Auskunft, L\u00f6schung, Sperrung<\/h2>\n<p><strong>Auskunftsrecht (Art. 15 DSGVO):\u00a0<\/strong><br \/>\nSie haben das Recht eine Best\u00e4tigung dar\u00fcber zu verlangen, ob sie betreffende personenbezogene Daten verarbeitet werden; ist dies der Fall, so haben Sie ein Recht auf Auskunft \u00fcber diese personenbezogenen Daten und auf die in Art. 15 DSGVO im einzelnen aufgef\u00fchrten Informationen.<\/p>\n<p><strong>Recht auf Berichtigung und L\u00f6schung (Art. 16 und 17 DSGVO):\u00a0<\/strong><br \/>\nSie haben das Recht, unverz\u00fcglich die Berichtigung sie betreffender unrichtiger personenbezogener Daten und ggf. die Vervollst\u00e4ndigung unvollst\u00e4ndiger personenbezogener Daten zu verlangen.<br \/>\nSie haben zudem das Recht, zu verlangen, dass sie betreffende personenbezogene Daten unverz\u00fcglich gel\u00f6scht werden, sofern einer der in Art. 17 DSGVO im einzelnen aufgef\u00fchrten Gr\u00fcnde zutrifft, z. B. wenn die Daten f\u00fcr die verfolgten Zwecke nicht mehr ben\u00f6tigt werden.<\/p>\n<p><strong>Recht auf Einschr\u00e4nkung der Verarbeitung (Art. 18 DSGVO):\u00a0<\/strong><br \/>\nSie haben das Recht, die Einschr\u00e4nkung der Verarbeitung zu verlangen, wenn eine der in Art. 18 DSGVO aufgef\u00fchrten Voraussetzungen gegeben ist, z. B. wenn Sie Widerspruch gegen die Verarbeitung eingelegt haben, f\u00fcr die Dauer einer etwaigen Pr\u00fcfung.<\/p>\n<p><strong>Recht auf Daten\u00fcbertragbarkeit (Art. 20 DSGVO):<\/strong><br \/>\nIn bestimmten F\u00e4llen, die in Art. 20 DSGVO im Einzelnen aufgef\u00fchrt werden, haben Sie das Recht, die sie betreffenden personenbezogenen Daten in einem strukturierten, g\u00e4ngigen und maschinenlesbaren Format zu erhalten bzw. die \u00dcbermittlung dieser Daten an einen Dritten zu verlangen.<\/p>\n<p><strong>Widerspruchsrecht (Art. 21 DSGVO):<\/strong><br \/>\nWerden Daten auf Grundlage von Art. 6 Abs. 1 lit. f erhoben (Datenverarbeitung zur Wahrung berechtigter Interessen), steht Ihnen das Recht zu, aus Gr\u00fcnden, die sich aus Ihrer besonderen Situation ergeben, jederzeit gegen die Verarbeitung Widerspruch einzulegen. Wir verarbeiten die personenbezogenen Daten dann nicht mehr, es sei denn, es liegen nachweisbar zwingende schutzw\u00fcrdige Gr\u00fcnde f\u00fcr die Verarbeitung vor, die die Interessen, Rechte und Freiheiten der betroffenen Person \u00fcberwiegen, oder die Verarbeitung dient der Geltendmachung, Aus\u00fcbung oder Verteidigung von Rechtsanspr\u00fcchen.<\/p>\n<p><strong>Beschwerderecht bei einer Aufsichtsbeh\u00f6rde:<\/strong><br \/>\nSie haben gem. Art. 77 DSGVO das Recht auf Beschwerde bei einer Aufsichtsbeh\u00f6rde, wenn Sie der Ansicht sind, dass die Verarbeitung der Sie betreffenden Daten gegen datenschutzrechtliche Bestimmungen verst\u00f6\u00dft. Das Beschwerderecht kann insbesondere bei einer Aufsichtsbeh\u00f6rde in dem Mitgliedstaat Ihres Aufenthaltsorts, Ihres Arbeitsplatzes oder des Orts des mutma\u00dflichen Versto\u00dfes geltend gemacht werden.<\/p>\n<h2><strong>Kontaktaufnahme<\/strong><\/h2>\n<p>Sie haben die M\u00f6glichkeit, mit uns \u00fcber ein Webformular in Kontakt zu treten. Um Ihre Anfrage beantworten zu k\u00f6nnen, ben\u00f6tigen wir einige pers\u00f6nliche Angaben. Ihre Daten werden nur zur Beantwortung Ihrer Anfrage verarbeitet.<\/p>\n<h2><strong>Newsletter<\/strong><\/h2>\n<p>Wenn Sie den auf dieser Webseite angebotenen Newsletter beziehen m\u00f6chten, ben\u00f6tigen wir von Ihnen eine E-Mail-Adresse sowie Informationen, welche uns die \u00dcberpr\u00fcfung gestatten, dass Sie der Inhaber der angegebenen E-Mail-Adresse sind und mit dem Empfang des Newsletters einverstanden sind. Weitere Daten werden nicht erhoben. Diese Daten verwenden wir ausschlie\u00dflich f\u00fcr den Versand der angeforderten Informationen und geben sie nicht an Dritte weiter.<\/p>\n<p>Double Opt-In Verfahren: Nach dem Absenden Ihrer Daten an das von uns eingesetzte Newsletter-System erhalten Sie eine Email, welche einen Best\u00e4tigungslink enth\u00e4lt. Nur, wenn sie diesen Link anklicken, werden sie dem Verteiler hinzugef\u00fcgt.<\/p>\n<p>Die erteilte Einwilligung zur Speicherung der Daten, der E-Mail-Adresse sowie deren Nutzung zum Versand des Newsletters k\u00f6nnen Sie jederzeit widerrufen, etwa \u00fcber den \u201eAustragen\u201c-Link im Newsletter oder per Email an info@we4it.com.<\/p>\n<h2><strong>Ma\u00dfnahmen zum Schutz Ihrer Daten<\/strong><\/h2>\n<p>Wir treffen technische und organisatorische Sicherheitsma\u00dfnahmen, um Ihre Daten m\u00f6glichst umfassend zu sch\u00fctzen. Neben der Verpflichtung unserer Mitarbeiter auf das Datengeheimnis und der sorgf\u00e4ltigen Auswahl und Kontrolle von Dienstleistern haben wir auch unsere Betriebsumgebung angemessen abgesichert.<\/p>\n<h2><strong>SSL-Verschl\u00fcsselung<\/strong><\/h2>\n<p>Diese Seite nutzt aus Gr\u00fcnden der Sicherheit und zum Schutz der \u00dcbertragung vertraulicher Inhalte, wie zum Beispiel der Anfragen, die Sie an uns als Seitenbetreiber senden, eine SSL- Verschl\u00fcsselung. Eine verschl\u00fcsselte Verbindung erkennen Sie daran, dass die Adresszeile des Browsers von \u201ehttp:\/\/\u201c auf \u201ehttps:\/\/\u201c wechselt und an dem Schloss-Symbol in Ihrer Browserzeile.<\/p>\n<p>Wenn die SSL Verschl\u00fcsselung aktiviert ist, k\u00f6nnen die Daten, die Sie an uns \u00fcbermitteln, nicht von Dritten mitgelesen werden.<\/p>\n<h2>Verwendung von Webfonts<\/h2>\n<p>Auf diesen Internetseiten werden externe Schriften, Google Fonts verwendet. Google Fonts ist ein Dienst der Google Inc. (\u201eGoogle\u201c). Die Einbindung dieser Web Fonts erfolgt durch einen Serveraufruf, in der Regel ein Server von Google in den USA. Hierdurch wird an den Server \u00fcbermittelt, welche unserer Internetseiten Sie besucht haben. Auch wird die IP-Adresse des Browsers des Endger\u00e4tes des Besuchers dieser Internetseiten von Google gespeichert. N\u00e4here Informationen finden Sie in den Datenschutzhinweisen von Google, die Sie hier abrufen k\u00f6nnen:\u00a0https:\/\/www.google.com\/policies\/privacy\/<\/p>\n<div class=\"av-switch-aviaPrivacyGoogleWebfontsDisabled av-toggle-switch av-cookie-disable-external-toggle av-cookie-save-unchecked av-cookie-default-checked\"><label><input type=\"checkbox\" checked=\"checked\" id=\"aviaPrivacyGoogleWebfontsDisabled\" class=\"aviaPrivacyGoogleWebfontsDisabled \" name=\"aviaPrivacyGoogleWebfontsDisabled\" ><span class=\"toggle-track\"><\/span><span class=\"toggle-label-content\">Hier klicken, um Google Webfonts zu aktivieren\/deaktivieren.<\/span><\/label><\/div>\n<h2><\/h2>\n<h2><strong>Datenschutzbeauftragter<\/strong><\/h2>\n<p>F\u00fcr Ausk\u00fcnfte, W\u00fcnsche oder Anregungen zum Thema Datenschutz steht Ihnen unser Datenschutzbeauftragter Herr Dr. Schl\u00e4ger von der datenschutz nord GmbH,\u00a0Konsul-Smidt-Str. 88, 28217 Bremen gerne zur Verf\u00fcgung unter:<\/p>\n<p>E-Mail: office@datenschutz-nord.de<\/p>\n<p>Web: www.datenschutz-nord.de<\/p>\n<p>Telefon: +49 421 6966 322-0<\/p>\n<\/div><\/section><\/p><\/div>\n","protected":false},"excerpt":{"rendered":"","protected":false},"author":34,"featured_media":0,"parent":0,"menu_order":0,"comment_status":"closed","ping_status":"closed","template":"","meta":{"inline_featured_image":false,"footnotes":""},"class_list":["post-4760","page","type-page","status-publish","hentry"],"yoast_head":"<!-- This site is optimized with the Yoast SEO plugin v27.4 - https:\/\/yoast.com\/product\/yoast-seo-wordpress\/ -->\n<title>Datenschutzerkl\u00e4rung - Aveedo.com<\/title>\n<meta name=\"robots\" content=\"index, follow, max-snippet:-1, max-image-preview:large, max-video-preview:-1\" \/>\n<link rel=\"canonical\" href=\"https:\/\/aveedo.com\/de\/datenschutz\/\" \/>\n<meta property=\"og:locale\" content=\"de_DE\" \/>\n<meta property=\"og:type\" content=\"article\" \/>\n<meta property=\"og:title\" content=\"Datenschutzerkl\u00e4rung - Aveedo.com\" \/>\n<meta property=\"og:url\" content=\"https:\/\/aveedo.com\/de\/datenschutz\/\" \/>\n<meta property=\"og:site_name\" content=\"Aveedo.com\" \/>\n<meta property=\"article:modified_time\" content=\"2019-09-19T07:31:08+00:00\" \/>\n<meta name=\"twitter:card\" content=\"summary_large_image\" \/>\n<meta name=\"twitter:label1\" content=\"Gesch\u00e4tzte Lesezeit\" \/>\n\t<meta name=\"twitter:data1\" content=\"8\u00a0Minuten\" \/>\n<script type=\"application\/ld+json\" class=\"yoast-schema-graph\">{\"@context\":\"https:\\\/\\\/schema.org\",\"@graph\":[{\"@type\":\"WebPage\",\"@id\":\"https:\\\/\\\/aveedo.com\\\/de\\\/datenschutz\\\/\",\"url\":\"https:\\\/\\\/aveedo.com\\\/de\\\/datenschutz\\\/\",\"name\":\"Datenschutzerkl\u00e4rung - Aveedo.com\",\"isPartOf\":{\"@id\":\"https:\\\/\\\/aveedo.com\\\/de\\\/#website\"},\"datePublished\":\"2018-04-20T14:47:38+00:00\",\"dateModified\":\"2019-09-19T07:31:08+00:00\",\"breadcrumb\":{\"@id\":\"https:\\\/\\\/aveedo.com\\\/de\\\/datenschutz\\\/#breadcrumb\"},\"inLanguage\":\"de\",\"potentialAction\":[{\"@type\":\"ReadAction\",\"target\":[\"https:\\\/\\\/aveedo.com\\\/de\\\/datenschutz\\\/\"]}]},{\"@type\":\"BreadcrumbList\",\"@id\":\"https:\\\/\\\/aveedo.com\\\/de\\\/datenschutz\\\/#breadcrumb\",\"itemListElement\":[{\"@type\":\"ListItem\",\"position\":1,\"name\":\"Startseite\",\"item\":\"https:\\\/\\\/aveedo.com\\\/de\\\/\"},{\"@type\":\"ListItem\",\"position\":2,\"name\":\"Datenschutzerkl\u00e4rung\"}]},{\"@type\":\"WebSite\",\"@id\":\"https:\\\/\\\/aveedo.com\\\/de\\\/#website\",\"url\":\"https:\\\/\\\/aveedo.com\\\/de\\\/\",\"name\":\"Aveedo.com\",\"description\":\"\",\"potentialAction\":[{\"@type\":\"SearchAction\",\"target\":{\"@type\":\"EntryPoint\",\"urlTemplate\":\"https:\\\/\\\/aveedo.com\\\/de\\\/?s={search_term_string}\"},\"query-input\":{\"@type\":\"PropertyValueSpecification\",\"valueRequired\":true,\"valueName\":\"search_term_string\"}}],\"inLanguage\":\"de\"}]}<\/script>\n<!-- \/ Yoast SEO plugin. -->","yoast_head_json":{"title":"Datenschutzerkl\u00e4rung - Aveedo.com","robots":{"index":"index","follow":"follow","max-snippet":"max-snippet:-1","max-image-preview":"max-image-preview:large","max-video-preview":"max-video-preview:-1"},"canonical":"https:\/\/aveedo.com\/de\/datenschutz\/","og_locale":"de_DE","og_type":"article","og_title":"Datenschutzerkl\u00e4rung - Aveedo.com","og_url":"https:\/\/aveedo.com\/de\/datenschutz\/","og_site_name":"Aveedo.com","article_modified_time":"2019-09-19T07:31:08+00:00","twitter_card":"summary_large_image","twitter_misc":{"Gesch\u00e4tzte Lesezeit":"8\u00a0Minuten"},"schema":{"@context":"https:\/\/schema.org","@graph":[{"@type":"WebPage","@id":"https:\/\/aveedo.com\/de\/datenschutz\/","url":"https:\/\/aveedo.com\/de\/datenschutz\/","name":"Datenschutzerkl\u00e4rung - Aveedo.com","isPartOf":{"@id":"https:\/\/aveedo.com\/de\/#website"},"datePublished":"2018-04-20T14:47:38+00:00","dateModified":"2019-09-19T07:31:08+00:00","breadcrumb":{"@id":"https:\/\/aveedo.com\/de\/datenschutz\/#breadcrumb"},"inLanguage":"de","potentialAction":[{"@type":"ReadAction","target":["https:\/\/aveedo.com\/de\/datenschutz\/"]}]},{"@type":"BreadcrumbList","@id":"https:\/\/aveedo.com\/de\/datenschutz\/#breadcrumb","itemListElement":[{"@type":"ListItem","position":1,"name":"Startseite","item":"https:\/\/aveedo.com\/de\/"},{"@type":"ListItem","position":2,"name":"Datenschutzerkl\u00e4rung"}]},{"@type":"WebSite","@id":"https:\/\/aveedo.com\/de\/#website","url":"https:\/\/aveedo.com\/de\/","name":"Aveedo.com","description":"","potentialAction":[{"@type":"SearchAction","target":{"@type":"EntryPoint","urlTemplate":"https:\/\/aveedo.com\/de\/?s={search_term_string}"},"query-input":{"@type":"PropertyValueSpecification","valueRequired":true,"valueName":"search_term_string"}}],"inLanguage":"de"}]}},"_links":{"self":[{"href":"https:\/\/aveedo.com\/de\/wp-json\/wp\/v2\/pages\/4760","targetHints":{"allow":["GET"]}}],"collection":[{"href":"https:\/\/aveedo.com\/de\/wp-json\/wp\/v2\/pages"}],"about":[{"href":"https:\/\/aveedo.com\/de\/wp-json\/wp\/v2\/types\/page"}],"author":[{"embeddable":true,"href":"https:\/\/aveedo.com\/de\/wp-json\/wp\/v2\/users\/34"}],"replies":[{"embeddable":true,"href":"https:\/\/aveedo.com\/de\/wp-json\/wp\/v2\/comments?post=4760"}],"version-history":[{"count":15,"href":"https:\/\/aveedo.com\/de\/wp-json\/wp\/v2\/pages\/4760\/revisions"}],"predecessor-version":[{"id":6043,"href":"https:\/\/aveedo.com\/de\/wp-json\/wp\/v2\/pages\/4760\/revisions\/6043"}],"wp:attachment":[{"href":"https:\/\/aveedo.com\/de\/wp-json\/wp\/v2\/media?parent=4760"}],"curies":[{"name":"wp","href":"https:\/\/api.w.org\/{rel}","templated":true}]}}